{"id":1504,"date":"2016-05-03T09:02:54","date_gmt":"2016-05-03T09:02:54","guid":{"rendered":"http:\/\/poleartspain.com\/?page_id=1504"},"modified":"2016-05-03T09:03:23","modified_gmt":"2016-05-03T09:03:23","slug":"competicion","status":"publish","type":"page","link":"http:\/\/poleartspain.com\/es\/competicion\/","title":{"rendered":"COMPETICI\u00d3N"},"content":{"rendered":"<div style='padding-bottom:30px;color:#f5de13;font-size:30px;' class='av-special-heading av-special-heading-h3 custom-color-heading blockquote modern-quote modern-centered  av-inherit-size'><h3 class='av-special-heading-tag'  itemprop=\"headline\"  >\u00bfQu\u00e9 es PoleArt Spain?<\/h3><div class='special-heading-border'><div class='special-heading-inner-border' style='border-color:#f5de13'><\/div><\/div><\/div>\n<div class=\"flex_column av_one_half  flex_column_div first  \" ><div  class='avia-video avia-video-16-9  '  itemprop=\"video\" itemtype=\"https:\/\/schema.org\/VideoObject\" ><div class='avia-iframe-wrap'><iframe loading=\"lazy\" width=\"1500\" height=\"844\" src=\"https:\/\/www.youtube.com\/embed\/4OWRV5vgp-4?feature=oembed\" frameborder=\"0\" allowfullscreen><\/iframe><\/div><\/div><\/div>\n<div class=\"flex_column av_one_half  flex_column_div   \" ><p><section class=\"av_textblock_section\"  itemscope=\"itemscope\" itemtype=\"https:\/\/schema.org\/CreativeWork\" ><div class='avia_textblock '   itemprop=\"text\" ><p>Por segundo vez en Espa\u00f1a, descubre una competici\u00f3n independiente, art\u00edstica y t\u00e9cnica que permite a todos a venir y expresarse en el escenario.<br \/>\nEsta competici\u00f3n es un proyecto de <a href=\"http:\/\/poledancemallorca.com\/\" target=\"_blank\">Pole &amp; Dance Mallorca<\/a>, patrocinado por patrocinadores independientes para el desarrollo y promoci\u00f3n del Pole Dance.<br \/>\nNuestro objetivo es introducir el pole dance dentro de la corriente principal de baile y deporte de Espa\u00f1a, posicion\u00e1ndolo como un nuevo deporte \u2013 promocionando un estilo de vida saludable.<\/p>\n<\/div><\/section><br \/>\n<div style='padding-bottom:10px;color:#f5de13;' class='av-special-heading av-special-heading-h3 custom-color-heading blockquote modern-quote modern-centered '><h3 class='av-special-heading-tag'  itemprop=\"headline\"  >Nuestro objetivos son:<\/h3><div class='special-heading-border'><div class='special-heading-inner-border' style='border-color:#f5de13'><\/div><\/div><\/div><br \/>\n<section class=\"av_textblock_section\"  itemscope=\"itemscope\" itemtype=\"https:\/\/schema.org\/CreativeWork\" ><div class='avia_textblock '   itemprop=\"text\" ><ul>\n<li>La organizaci\u00f3n de campeonatos, talleres y otros eventos deportivos dedicados al pole dance y el fitness.<\/li>\n<li><u><\/u>Desarrollo y promoci\u00f3n del pole dance.<\/li>\n<li><u><\/u>Fomentar el pole dance como un deporte en Espa\u00f1a y Mallorca.<\/li>\n<li><u><\/u>Crear una compa\u00f1\u00eda de profesionales del pole dance alrededor del mundo.<\/li>\n<\/ul>\n<\/div><\/section><\/p><\/div>\n","protected":false},"excerpt":{"rendered":"","protected":false},"author":1,"featured_media":0,"parent":0,"menu_order":0,"comment_status":"open","ping_status":"open","template":"","meta":{"footnotes":""},"class_list":["post-1504","page","type-page","status-publish","hentry"],"_links":{"self":[{"href":"http:\/\/poleartspain.com\/es\/wp-json\/wp\/v2\/pages\/1504","targetHints":{"allow":["GET"]}}],"collection":[{"href":"http:\/\/poleartspain.com\/es\/wp-json\/wp\/v2\/pages"}],"about":[{"href":"http:\/\/poleartspain.com\/es\/wp-json\/wp\/v2\/types\/page"}],"author":[{"embeddable":true,"href":"http:\/\/poleartspain.com\/es\/wp-json\/wp\/v2\/users\/1"}],"replies":[{"embeddable":true,"href":"http:\/\/poleartspain.com\/es\/wp-json\/wp\/v2\/comments?post=1504"}],"version-history":[{"count":2,"href":"http:\/\/poleartspain.com\/es\/wp-json\/wp\/v2\/pages\/1504\/revisions"}],"predecessor-version":[{"id":2910,"href":"http:\/\/poleartspain.com\/es\/wp-json\/wp\/v2\/pages\/1504\/revisions\/2910"}],"wp:attachment":[{"href":"http:\/\/poleartspain.com\/es\/wp-json\/wp\/v2\/media?parent=1504"}],"curies":[{"name":"wp","href":"https:\/\/api.w.org\/{rel}","templated":true}]}}