{"id":1506,"date":"2016-05-03T09:07:03","date_gmt":"2016-05-03T09:07:03","guid":{"rendered":"http:\/\/poleartspain.com\/?page_id=1506"},"modified":"2016-05-03T09:07:03","modified_gmt":"2016-05-03T09:07:03","slug":"jurado","status":"publish","type":"page","link":"http:\/\/poleartspain.com\/es\/jurado\/","title":{"rendered":"JURADO"},"content":{"rendered":"<div style='padding-bottom:30px;color:#f5de13;font-size:30px;' class='av-special-heading av-special-heading-h3 custom-color-heading blockquote modern-quote modern-centered  av-inherit-size'><h3 class='av-special-heading-tag'  itemprop=\"headline\"  >Jurado<\/h3><div class='special-heading-border'><div class='special-heading-inner-border' style='border-color:#f5de13'><\/div><\/div><\/div>\n<div class=\"flex_column av_one_half  flex_column_div first  \" ><p><div class='avia-image-container  av-styling-   avia-align-center '  itemscope=\"itemscope\" itemtype=\"https:\/\/schema.org\/ImageObject\"  ><div class='avia-image-container-inner'><img class='avia_image ' src='http:\/\/poleartspain.com\/wp-content\/uploads\/2016\/04\/Natasha-200x300.jpg' alt='' title='Natasha'   itemprop=\"contentURL\"  \/><\/div><\/div><br \/>\n<section class=\"av_textblock_section\"  itemscope=\"itemscope\" itemtype=\"https:\/\/schema.org\/CreativeWork\" ><div class='avia_textblock '   itemprop=\"text\" ><p><strong>NATASHA WANG<\/strong><\/p>\n<p>Natasha Wang es una profesora y artista basada en Los Angeles que ha ganado los t\u00edtulos de:<\/p>\n<ul>\n<li>IPC Ultimate Champion 2013<\/li>\n<li style=\"font-style: inherit; font-weight: inherit;\">Pole Art 2012 Runner-Up<\/li>\n<li style=\"font-style: inherit; font-weight: inherit;\">US Pole Dance Champion 2011<\/li>\n<li style=\"font-style: inherit; font-weight: inherit;\">USPDF West Coast Champion 2010<\/li>\n<li style=\"font-style: inherit; font-weight: inherit;\">California Pole Dance Champion 2010<\/li>\n<li style=\"font-style: inherit; font-weight: inherit;\">East Meets West Miss Pole-AM 2010.<\/li>\n<\/ul>\n<p>Natasha es considerarada una de las artistas m\u00e1s influyentes y populares en activo. Aunque vive en Los Angeles, California, y naci\u00f3 en Austin, Texas, Natasha es una \u201cpole-ciudadana \u00a0del mundo\u201d y pasa una gran parte del a\u00f1o viajando alrededor del globo como profesora solicitada, artista y jueza.<\/p>\n<p>En 2014, gan\u00f3 \u201cFemale Performance Artist of the Year\u201d y el \u201cInspirational Artist of the Year\u201d en la inauguraci\u00f3n de los premios \u201c PWN\u201d (Pole Worls News). Como artista invitado, ha aparecido en \u201cThe View\u201d en ABC, \u201cBuenos d\u00edas Los Angeles\u201d en la Fox, \u201cAmazing Dance\u201d y \u201cDay Day Up\u201den Hunan TV, \u00e9ste \u00faltimo, programa N\u00ba 1 en China con 300 millones de telespectadores. Tambien ha sido solista en china continental, incluyendo el famoso \u201cChina Rouge\u201d dentro del Galaxy Hotel.<\/p>\n<p>En 2011, Natasha paticip\u00f3 en el proyecto de arte y teatro de Doug Atiken \u201cBlack Mirror\u201d con la actriz protagonista Chloe Sevigny.<\/p>\n<p>Natasha instruye en \u201cThe Choreography House\u201d y ha sido bailarina principal con Kelly Yvonne\u2019s \u201cGirl NExt Door Show\u201d desde 2010 e hizo su debut en la producci\u00f3n de su hermana \u201cSeven\u201d en 2015. Recibe patrocinio de XPOLE\u00a0 y Kelly Maflia Couurture y es elevada flexibilidad certificada.<\/p>\n<\/div><\/section><\/p><\/div><div class=\"flex_column av_one_half  flex_column_div   \" ><p><div class='avia-image-container  av-styling-   avia-align-center '  itemscope=\"itemscope\" itemtype=\"https:\/\/schema.org\/ImageObject\"  ><div class='avia-image-container-inner'><img class='avia_image ' src='http:\/\/poleartspain.com\/wp-content\/uploads\/2016\/04\/Phoenix-200x300.jpg' alt='' title='Phoenix'   itemprop=\"contentURL\"  \/><\/div><\/div><br \/>\n<section class=\"av_textblock_section\"  itemscope=\"itemscope\" itemtype=\"https:\/\/schema.org\/CreativeWork\" ><div class='avia_textblock '   itemprop=\"text\" ><p><strong>PHOENIX KAZREE<\/strong><\/p>\n<p>Phoenix Kazree es nativa de Los Angeles, CA. Ex gimnasta, est\u00e1 formada en baile cl\u00e1sico, contemporania y \u00e9tnico. Su formaci\u00f3n incluye la Academia Americana de Baile Alvin Ailey, Joffrey Ballet, The Los Angeles County High School for the Arts y dos a\u00f1os acad\u00e9micos con Bella Lewitzky.<\/p>\n<p>Phoneish ha idoa bailando profesionalemente y ense\u00f1anado danza desde que se gradu\u00f3 en el instituo. Haviajado por am\u00e9rica con el show de Brodway, El Rey Le\u00f3n. Su \u00faltimo logro fue ganar el t\u00edtulo de Campeona de \u00c9lite en el Pole Art Italia en 2015 y ser Vice Campeona de la divisi\u00f3n femenina de los campeonatos Panamericanos de Pole de 2015 en Rio de Janeiro, Brasil.<\/p>\n<p>Phoenix tambi\u00e9n qued\u00f3 primera \u201c1st Runner Up\u201d en 2014 en el Campeonato Pole Stars de Kuala Lampur, Malasia. Fue campeona en 2011 en el Campeonato de Pole Dance en Californa y qued\u00f3 en segundo lugar en los cameonatos americanos del Pole Fitness en 2011 y 2012.<\/p>\n<\/div><\/section><\/p><\/div><div class=\"flex_column av_one_third  flex_column_div first  \" ><p><div class='avia-image-container  av-styling-   avia-align-center '  itemscope=\"itemscope\" itemtype=\"https:\/\/schema.org\/ImageObject\"  ><div class='avia-image-container-inner'><img class='avia_image ' src='http:\/\/poleartspain.com\/wp-content\/uploads\/2016\/04\/Vane-300x236.jpg' alt='' title='Vane'   itemprop=\"contentURL\"  \/><\/div><\/div><br \/>\n<section class=\"av_textblock_section\"  itemscope=\"itemscope\" itemtype=\"https:\/\/schema.org\/CreativeWork\" ><div class='avia_textblock '   itemprop=\"text\" ><p><strong>VANE LUN\u00c1TICA<\/strong><\/p>\n<p>Con una larga experiencia como artista profesional en diferentes compa\u00f1\u00eda en Europa como aerealista (telas a\u00e9reas y aro), bailarina a\u00e9rea, nadadora sincronizada.<\/p>\n<p>Ha desarrollado su propio estilo mezclado pole con su experiencia en a\u00e9reos, teatro, danza y un poco de \u201cmagia\u201d. Usa el pole como una excusa para crear im\u00e1genes historias, jugando con posibilidades creativas para llevar a cabo performances bajo la idea \u201cEl pole para expresar, no para impresiona\u201d.<\/p>\n<p>Actualmente trabaja internacionalmente actuando, ense\u00f1ando y ejerciendo de juez, adem\u00e1s que es instructora en el Mil\u00e1n Pole Dance Studio en Mil\u00e1n, Italia.<\/p>\n<ul>\n<li>Ganadora del Comedy Pro en Teatro Pole de Paris<\/li>\n<li>3r lugar en el Pole Art Italia 2015<\/li>\n<li>Campeona de Elite en el Campeaonato de Pole Sports 2014<\/li>\n<li>Finalista en Pole Theatre 2016,2015 y 2014<\/li>\n<li>Ganadores y mejor artista en el Pole Dance Cup International 2013<\/li>\n<li>Finalista en Talent Madrid 2014<\/li>\n<\/ul>\n<\/div><\/section><\/p><\/div><div class=\"flex_column av_one_third  flex_column_div   \" ><p><div class='avia-image-container  av-styling-   avia-align-center '  itemscope=\"itemscope\" itemtype=\"https:\/\/schema.org\/ImageObject\"  ><div class='avia-image-container-inner'><img class='avia_image ' src='http:\/\/poleartspain.com\/wp-content\/uploads\/2016\/04\/Mariana-226x300.jpg' alt='' title='Mariana'   itemprop=\"contentURL\"  \/><\/div><\/div><br \/>\n<section class=\"av_textblock_section\"  itemscope=\"itemscope\" itemtype=\"https:\/\/schema.org\/CreativeWork\" ><div class='avia_textblock '   itemprop=\"text\" ><p><strong>MARIANA BAUM<\/strong><\/p>\n<p>Nacida en Argentina, Mariana Baum ha sido actriz, directora de teatro y profesora de drama por 18 a\u00f1os. Tambien tiene un extenso trasfondo en el campo de la danza (cl\u00e1sico, jazz y contempor\u00e1neo) y formaci\u00f3n de cantante. Ha llevado a cavo su propia compa\u00f1\u00eda de teatro desde 1996 hasta 2001.<\/p>\n<p>Se enamor\u00f3 del pole dance a principios de 2004. Primero trabajando como artista, creo la Escuela de Pole Dance de Paris en 2007 con su socio Jean Baptiste Plachez. La escuela ahora incluye dos estudios en Paris para un equipo de 12 profesores, todos formados por Mariana.<\/p>\n<p>Se convirti\u00f3 en embajadora francesa PFA en junio de 2010 y es instructora certificada de danza vertical.<\/p>\n<p>Mariana es una reconocida jueza en muchos competiciones, nacionales e internaciones. Desde 2009, ha estado co-organizando la Competici\u00f3n Francesa de Pole Dance anual con Jean Baptiste Plachez. El evento se llevar\u00e1 acabo en el famoso teatro parisino, \u201cla Cigale\u201d.<\/p>\n<\/div><\/section><\/p><\/div><div class=\"flex_column av_one_third  flex_column_div   \" ><p><div class='avia-image-container  av-styling-   avia-align-center '  itemscope=\"itemscope\" itemtype=\"https:\/\/schema.org\/ImageObject\"  ><div class='avia-image-container-inner'><img class='avia_image ' src='http:\/\/poleartspain.com\/wp-content\/uploads\/2016\/04\/Keem-Martinez-300x201.jpg' alt='' title='Keem Martinez'   itemprop=\"contentURL\"  \/><\/div><\/div><br \/>\n<section class=\"av_textblock_section\"  itemscope=\"itemscope\" itemtype=\"https:\/\/schema.org\/CreativeWork\" ><div class='avia_textblock '   itemprop=\"text\" ><p><strong>KEEM MART\u00cdNEZ<\/strong><\/p>\n<p>Keem estudi\u00f3 en el Conservatorio Nacional de Danza de Avignon y en el ballet junior. Ha trabajado profesionalmente como bailar\u00edn en la compa\u00f1\u00eda de baile hasta que empez\u00f3 a practicar pole dance en 2006, entonces empez\u00f3 a competir y gan\u00f3 en la competici\u00f3n francesa de pole dance de 2008 y 2014 y en la World Pole Sport and Fitness Champion en 2012- Ahora Keem trabaja como entrenador y core\u00f3grafo.<\/p>\n<\/div><\/section><\/p><\/div><\/p>\n","protected":false},"excerpt":{"rendered":"","protected":false},"author":1,"featured_media":0,"parent":0,"menu_order":0,"comment_status":"open","ping_status":"open","template":"","meta":{"footnotes":""},"class_list":["post-1506","page","type-page","status-publish","hentry"],"_links":{"self":[{"href":"http:\/\/poleartspain.com\/es\/wp-json\/wp\/v2\/pages\/1506","targetHints":{"allow":["GET"]}}],"collection":[{"href":"http:\/\/poleartspain.com\/es\/wp-json\/wp\/v2\/pages"}],"about":[{"href":"http:\/\/poleartspain.com\/es\/wp-json\/wp\/v2\/types\/page"}],"author":[{"embeddable":true,"href":"http:\/\/poleartspain.com\/es\/wp-json\/wp\/v2\/users\/1"}],"replies":[{"embeddable":true,"href":"http:\/\/poleartspain.com\/es\/wp-json\/wp\/v2\/comments?post=1506"}],"version-history":[{"count":1,"href":"http:\/\/poleartspain.com\/es\/wp-json\/wp\/v2\/pages\/1506\/revisions"}],"predecessor-version":[{"id":1507,"href":"http:\/\/poleartspain.com\/es\/wp-json\/wp\/v2\/pages\/1506\/revisions\/1507"}],"wp:attachment":[{"href":"http:\/\/poleartspain.com\/es\/wp-json\/wp\/v2\/media?parent=1506"}],"curies":[{"name":"wp","href":"https:\/\/api.w.org\/{rel}","templated":true}]}}