{"id":1508,"date":"2016-05-03T09:11:38","date_gmt":"2016-05-03T09:11:38","guid":{"rendered":"http:\/\/poleartspain.com\/?page_id=1508"},"modified":"2017-08-31T17:33:32","modified_gmt":"2017-08-31T17:33:32","slug":"normas","status":"publish","type":"page","link":"http:\/\/poleartspain.com\/es\/normas\/","title":{"rendered":"NORMAS"},"content":{"rendered":"<div style='padding-bottom:51px;color:#f5de13;font-size:30px;' class='av-special-heading av-special-heading-h3 custom-color-heading blockquote modern-quote modern-centered   av-inherit-size'><h3 class='av-special-heading-tag'  itemprop=\"headline\"  >REQUERIMIENTOS PARA INSCRIPCIONES 2017<\/h3><div class='special-heading-border'><div class='special-heading-inner-border' style='border-color:#f5de13'><\/div><\/div><\/div>\n<div class=\"flex_column av_one_full  flex_column_div first  \" ><p><div class='avia-button-wrap avia-button-center '><a href='http:\/\/poleartspain.com\/wp-content\/uploads\/2017\/05\/Application-Form-PoleArt-Spain-2017.pdf' class='avia-button  avia-icon_select-yes-left-icon avia-color-custom avia-size-x-large avia-position-center '  target=\"_blank\"  style='background-color:#f5de13; border-color:#f5de13; color:#0a0a0a; ' ><span class='avia_button_icon avia_button_icon_left ' aria-hidden='true' data-av_icon='\ue80c' data-av_iconfont='entypo-fontello'><\/span><span class='avia_iconbox_title' >Descargar formulario de inscripci\u00f3n 2017<\/span><\/a><\/div><br \/>\n<div  class='hr hr-short hr-center '><span class='hr-inner ' ><span class='hr-inner-style'><\/span><\/span><\/div><br \/>\n<section class=\"av_textblock_section\"  itemscope=\"itemscope\" itemtype=\"https:\/\/schema.org\/CreativeWork\" ><div class='avia_textblock '   itemprop=\"text\" ><p><strong>FECHAS REGISTROS:<\/strong><\/p>\n<ol>\n<li style=\"list-style-type: none;\">\n<ol>\n<li>Apertura de registros (formulario solicitud + video + pago administrativo): 22 Abril\u00a02017<\/li>\n<li>Fecha l\u00edmite registro (formulario solicitud + video adjunto + pago administrativo): 15 de Julio \u00a02017 a las 23.59h para ELITE y 31 Julio\u00a02017 para el resto.<\/li>\n<li>Publicaci\u00f3n de la lista final de participante: aprox 1 Agosto para ELITE, 15 Agosto para el resto.<\/li>\n<li>Fecha l\u00edmite para enviar justificante de pago de inscripcion donacion: inmediatamente, maximo hasta 31 Agosto\u00a02017<\/li>\n<li>Fecha l\u00edmite para pista de audio MP3 + descripcion personaje: 1 Octubre\u00a02017<\/li>\n<li>Show Final del Campeonato: Alcal\u00e1 de Henares (Madrid)\u00a012 y 13 de Noviembre\u00a02017<\/li>\n<\/ol>\n<\/li>\n<\/ol>\n<p><strong>CONCURSANTES:<\/strong><\/p>\n<p>El concursante es una persona que:<\/p>\n<ul>\n<li>Tiene documento de identidad v\u00e1lido (DNI, pasaporte, tarjeta de residencia\u2026) y seguro de salud v\u00e1lido para toda la competici\u00f3n.<\/li>\n<li>Tiene que enviar la solicitud v\u00eda formulario de solicitud. En nombre de los participantes menores de 18 a\u00f1os, un representante legal o el entrenador deber\u00e1 rellenar el formulario.<\/li>\n<li>La competici\u00f3n est\u00e1 abierta a concursantes de todas las nacionalidades as\u00ed como escuelas de danza, estudios, representantes de organizaciones como cualquier representante privado.<\/li>\n<\/ul>\n<p><strong>VIDEO INSCRIPCI\u00d3N:<\/strong><\/p>\n<ul>\n<li>Los concursantes tienen que enviar un enlace a un v\u00eddeo de YouTube de 3 min (video sin editar de sus habilidades en pole) a trav\u00e9s de correo electr\u00f3nico a <a href=\"mailto:info@poleartspain.com\">info@poleartspain.com<\/a>.<\/li>\n<li>Descargar documento de inscripci\u00f3n, firmarlo y mandarlo a info@poleartspain.com junto con el comprobante de pago administrativo (10 \u20ac)<\/li>\n<li><strong>Pago Administrativo de Videoinscripcion : 10 \u20ac &#8211; s\u00f3lo es v\u00e1lido con el comprobante de pago junto con el documento de inscripci\u00f3n firmado. Los gastos de administracion para el pago tiene que ir a cuenta del competidor, no a PoleArt Spain. Es decir hay que mandar el importe total sin comisiones.<br \/>\n<\/strong>Opciones de pago: \u00a0 PayPal: info@poleartspain.com<br \/>\no transferencia bancaria a:<br \/>\nLA CAIXA<br \/>\nDENOMINATION:\u00a0ASOC DE POLE DANCE FITNESS SPORT Y DISCIPLINAS AFINES<br \/>\nIBAN: \u00a0 ES50-2100-0991-9002-0019-4651<br \/>\nBIC: \u00a0 \u00a0 \u00a0CAIXESBBXXX<\/li>\n<li>Pago administrativo se deduce del pago de donaci\u00f3n-inscripci\u00f3n del participante seleccionado.<br \/>\nPago administrativo no se reembolsa si el concursante no est\u00e1 seleccionado.<\/li>\n<li>Requisitos de los videos:- Tiene que ser un\u00a0video shooting (en un estudio, en su casa o utilizando v\u00eddeos anteriores de competiciones, pero sin elementos perturbadores,es decir con fondo limpio).- Los solicitantes deben usar dos barras; 1 est\u00e1tica + 1 fija, y deben demostrar combinaciones en ambas.- El video no se puede modificar de ninguna forma; debe mostrar show cont\u00ednuo de la solicitante (por ejemplo: no puede empezar en un truco de entrada y salida con otro diferente)\n<p>&#8211; El v\u00eddeo debe estar en posici\u00f3n vertical para la visi\u00f3n &#8211; no hacia los lados.<\/p>\n<p>&#8211; Por favor, asegure que el video no esta en privado en youtube. Tiene que estar en publico o \u00abunlisted\u00bb.<\/p>\n<p>&#8211; PoleArtSpain no se hace responsable de los derechos de autor.<\/li>\n<li><strong>CATEGORIAS:<\/strong><\/li>\n<\/ul>\n<p>La competici\u00f3n se hace en una ronda y tiene 9 categorias:<br \/>\n(Los competidores tendr\u00e1n la oportunidad de probar los poles y el escenario antes de la competici\u00f3n).<\/p>\n<p><strong>Mujeres Elite Internacional<\/strong><\/p>\n<p>&#8211; Si ha practicado Pole dance durante m\u00e1s de 2 a\u00f1os.<\/p>\n<p>&#8211; Si usted es un instructor.<\/p>\n<p>&#8211; Si ha asistido previamente o ha \u00a0ganado alguna competici\u00f3n de \u00e9lite.<\/p>\n<p><strong>Hombres Elite Internacional<\/strong><\/p>\n<p>&#8211; Si ha practicado Pole dance durante m\u00e1s de 2 a\u00f1os.<\/p>\n<p>&#8211; Si usted es un instructor.<\/p>\n<p>&#8211; Si ha asistido previamente o ha \u00a0ganado alguna competici\u00f3n de \u00e9lite.<\/p>\n<p><strong>Parejas Internacional Elite<br \/>\n<\/strong><br \/>\n&#8211; \u00a0Si ha practicado Pole dance durante m\u00e1s de 2 a\u00f1os.<\/p>\n<p>&#8211; \u00a0Si ha asistido previamente o ha \u00a0ganado alguna competici\u00f3n de \u00e9lite.<\/p>\n<p><strong>Mujeres Internacional Semi-Pro<\/strong><\/p>\n<p>Practica pole de 2-5 a\u00f1os.<\/p>\n<p>Si usted ha asistido a competiciones, pero nunca gan\u00f3 (categor\u00eda de aficionado no cuenta).<\/p>\n<p><strong>Men Internacional Semi-Pro<\/strong><\/p>\n<p>&#8211; Si ha practicado Pole dance de 2 &#8211; 5 a\u00f1os.<\/p>\n<p>&#8211; Si ha asistido a competiciones pero no ha ganado nunca (categor\u00eda amateur no cuenta).<\/p>\n<p><strong>Mujeres Internacional Amateur<\/strong><\/p>\n<p>&#8211; Si ha practicado Pole dance durante m\u00e1s de 1 a\u00f1o.<\/p>\n<p>&#8211; No debe ser un instructor.<\/p>\n<p>&#8211; Sin volteretas ni deadfits.<\/p>\n<p>&#8211; No debe haber tomado parte en ninguna competici\u00f3n nacional o internacional en la categor\u00eda profesional o superior.<\/p>\n<p><strong>Men Internacional Amateur<\/strong><\/p>\n<p>&#8211; Si ha bailado Pole dance durante m\u00e1s de 1 a\u00f1o.<\/p>\n<p>&#8211; No debe ser un instructor.<\/p>\n<p>&#8211; Sin volteretas ni deadfits.<\/p>\n<p>&#8211; No debe haber tomado parte en ninguna competici\u00f3n nacional o internacional en la categor\u00eda profesional o superior.<\/p>\n<p><strong>J\u00fanior<\/strong><\/p>\n<p>Todos los ni\u00f1os de 8 &#8211; 15 a\u00f1os de edad.<\/p>\n<p><strong>Masters<\/strong><\/p>\n<p>Los concursantes de m\u00e1s de 40 a\u00f1os de edad.<\/p>\n<p>El m\u00ednimo de concursantes por categor\u00eda es de 5.<\/p>\n<p>El jurado se reserva el derecho de cambiar la categor\u00eda de un participante de acuerdo con el v\u00eddeo enviado.<\/p>\n<p>Para cada categor\u00eda, la organizaci\u00f3n seleccionar\u00e1 a 5 participantes m\u00e1s en la\u00bblista de espera\u00bb para incluirlos si uno o m\u00e1s participantes seleccionados no asisten a causa de lesiones, problemas de salud, etc. Cuando sea necesario la organizaci\u00f3n avisar\u00e1 por correo electr\u00f3nico a los participantes de que est\u00e1n\u00bbre-incluidos\u00bb<\/p>\n<\/div><\/section><br \/>\n<div  class='hr hr-short hr-center '><span class='hr-inner ' ><span class='hr-inner-style'><\/span><\/span><\/div><br \/>\n<div style='padding-bottom:30px;color:#f5de13;font-size:30px;' class='av-special-heading av-special-heading-h3 custom-color-heading blockquote modern-quote modern-centered   av-inherit-size'><h3 class='av-special-heading-tag'  itemprop=\"headline\"  >REGLAMENTO<\/h3><div class='special-heading-border'><div class='special-heading-inner-border' style='border-color:#f5de13'><\/div><\/div><\/div><br \/>\n<section class=\"av_textblock_section\"  itemscope=\"itemscope\" itemtype=\"https:\/\/schema.org\/CreativeWork\" ><div class='avia_textblock '   itemprop=\"text\" ><p>Las normas y reglas deben cumplidas y acatadas en todo momento para con la organizaci\u00f3n, sus representantes y el lugar del evento.<\/p>\n<p><strong>C\u00d3DIGO DE CONDUCTA<\/strong><\/p>\n<ul>\n<li>Los implicados en la competici\u00f3n se comprometen a mantener una conducta adecuada en todo momento.<\/li>\n<li>No se permite la desnudez ni los tangas. La violaci\u00f3n de esta norma conducir\u00e1 a la descalificaci\u00f3n inmediata.<\/li>\n<li>No se permite lenguaje, corporal o verbal, ordinario, gestos vulgares o la difamaci\u00f3n de otros concursantes, ya sea en el escenario o fuera de \u00e9l.<\/li>\n<li>La coreograf\u00eda no se debe mostrar indecente o con demasiados gestos de connotaci\u00f3n er\u00f3tica. No se permite frotarse o tocarse partes \u00edntimas del cuerpo. No se permite el werking. Todos estos gestos ser\u00e1n sancionador por el jurado.<\/li>\n<li>\u00a0Quedan prohibidas las drogas y el alcohol durante la competici\u00f3n y\/o estar bajo sus efectos.<\/li>\n<\/ul>\n<p><strong>C\u00d3DIGO DE VESTIMENTA<\/strong><\/p>\n<ul>\n<li>Los disfraces y la vestimenta tem\u00e1tica, ser\u00e1n puntos extra.<\/li>\n<li>El vestuario debe ser correcto (decente) de tal manera que est\u00e9 cubierto el trasero y los senos, en el caso de las mujeres. Es motivo de descalificaci\u00f3n usar bikinis transparentes, cuerdas o hilos o cualquier prenda que descubra las partes \u00edntimas.<\/li>\n<li>Se permite despegar partes del traje como: capa, m\u00e1scara, chaqueta o falda siempre y cuando el concursante quede adecuadamente vestido.<\/li>\n<li>A los hombres se les permitir\u00e1 mostrar la parte superior del cuerpo desnudo.<\/li>\n<li>La ropa de agarre como el l\u00e1tex, cuero o cualquier otro similar no est\u00e1n permitidos en esta competici\u00f3n.<\/li>\n<li>Est\u00e1 permitido el calzado: zapatos de baile \/ sport (ballet, jazz, gimnasia), tacones altos (max 4 cm).<\/li>\n<li>Los guantes y protectores de rodilla o tobillo no est\u00e1n permitidos exceptuando que los concursantes en el registro hayan presentado documentos m\u00e9dicos.<\/li>\n<li>Est\u00e1 prohibido aplicar cualquier tipo de agarre en el poste pero el candidato puede aplic\u00e1rselo s\u00ed mismo. Tambi\u00e9n queda prohibido el uso de cualquier tipo de b\u00e1lsamo, loci\u00f3n o crema que puedan da\u00f1ar el pole o pueda hacer resbalar a los dem\u00e1s concursantes.<\/li>\n<li>Lista de marcas de productos de agarre permitidas durante la competici\u00f3n: Dry Grip, Dry Hands, Mighty Grip, Ebonite, Itac.<\/li>\n<\/ul>\n<p><strong>M\u00daSICA<\/strong><\/p>\n<p>Las concursantes deber\u00e1n proporcionar un archivo MP3 con la m\u00fasica elegida para su actuaci\u00f3n con fecha l\u00edmite 15 de agosto. Los concursantes son responsables de la configuraci\u00f3n correcta de la pista. La organizaci\u00f3n no puede editar el archivo de audio, ajustar el volumen o el ruido de fondo del archivo. La m\u00fasica puede ser una mezcla de varias canciones y puede contener letra. Si dos o m\u00e1s concursantes eligen la misma m\u00fasica, el competidor que lo envi\u00f3 en primer lugar (fecha y hora) obtendr\u00e1 el privilegio de usarla. La duraci\u00f3n de la coreograf\u00eda debe durar no menos de 3 minutos y no m\u00e1s de 3 min y 30 segundos para las categor\u00edas junior, amateurs y semi-profesionales. Para las categor\u00edas elite &amp; masters, no debe durar menos de 3 minutos y 30 segundos y no m\u00e1s de 4 minutos y 30 segundos.<\/p>\n<p><strong>COREOGRAF\u00cdA<\/strong><\/p>\n<p>No se permiten deadlifts, handsprings y mortales en la categor\u00eda amateur. Y trucos de maxima flexibilidad, fuerza y dinamica. \u00a0Cada movimiento no permitido, supondr\u00e1 -10 puntos.\u00a0Si un concursante \u00abesconde\u00bb su nivel actual en su video entry y la organizacion se da cuenta en el campeonato, el concursante sera descalificado.<\/p>\n<p><strong>FOTOS Y V\u00cdDEOS<\/strong><\/p>\n<p>Los concursantes aceptan expl\u00edcitamente que todas las im\u00e1genes y fotos pueden ser utilizadas por los organizadores de PoleArt Spain para promoci\u00f3n, publicidad y fines comerciales. Todo el material fotogr\u00e1fico y de v\u00eddeo se considera propiedad intelectual de los originadores del Pole Arte Spain 2017.<\/p>\n<p>Los concursantes tienen que estar disponibles para una sesi\u00f3n de fotos y posibles entrevistas con los medios antes y despu\u00e9s de la competici\u00f3n.<\/p>\n<p><strong>LA CUOTA DE PARTICIPACI\u00d3N<\/strong><\/p>\n<p>60\u20ac &#8211; Individual (pago final 50 \u20ac, se descuentan los 10 \u20ac de la inscripci\u00f3n)<\/p>\n<p>90\u20ac &#8211; Doubles (pago final 80 \u20ac, se descuentan los 10 \u20ac de la inscripci\u00f3n)<\/p>\n<p>El pago debe ser hecho por transferencia bancaria o Paypal no m\u00e1s tarde del 31\/08\/2017 a la siguiente cuenta:<\/p>\n<p>Banco: \u00a0 \u00a0LA CAIXA<br \/>\nDENOMINATION:\u00a0ASOC DE POLE DANCE FITNESS SPORT Y DISCIPLINAS AFINES<br \/>\nIBAN: \u00a0 ES50-2100-0991-9002-0019-4651<br \/>\nBIC: \u00a0 \u00a0 \u00a0CAIXESBBXXX<\/p>\n<p>Los cargos extra deben ir a cuenta del competidor.<\/p>\n<p>PayPal: <a href=\"mailto:info@poleartspain.com\">info@poleartspain.com<\/a><\/p>\n<p>Los cargos extra deben ir a cuenta del competidor.<\/p>\n<p>POR FAVOR INDICAR EL NOMBRE DEL PARTICIPANTE Y LA CATEGORIA EN LA CONFIRMACION DE PAGO.<\/p>\n<p>LAS CUOTAS DE PARTICIPACI\u00d3N DEBEN SER PAGADAS SOLAMENTE POR LOS CANDIDATOS SELECCIONADOS QUE COMPETIRAN EN LA FINAL (no por los solicitantes que no han sido seleccionados)<\/p>\n<p>Una vez elegida la m\u00fasica para la competici\u00f3n, debe ser enviada en formato MP3 a <a href=\"mailto:info@poleartspain.com\">info@poleartspain.com<\/a> con el justificante de pago antes de la fecha l\u00edmite especificada arriba. Formato del archivo mp3: \u00abnombre participante-categor\u00eda-artista canci\u00f3n-titulo\u00bb<\/p>\n<p>Los solicitantes s\u00f3lo tendr\u00e1n que seguir las instrucciones dadas al enviar su solicitud. Al rellenar y firmar el formulario de solicitud, los participantes est\u00e1n de acuerdo con las condiciones y t\u00e9rminos de la organizaci\u00f3n y con las normas generales que se describen a continuaci\u00f3n. Los organizadores tienen derecho a:<\/p>\n<ul>\n<li>Grabar el campeonato y tienen todos los derechos para distribuir el material y para eliminar los v\u00eddeos y fotograf\u00edas que se consideren no aptas.<\/li>\n<li>Cambiar las reglas y regulaciones del PoleArt Spain en cualquier momento.<\/li>\n<\/ul>\n<p><strong>CRITERIOS DE JUICIO<\/strong><\/p>\n<p>Cada juez tendr\u00e1 la siguiente hoja de puntuaci\u00f3n. La decisi\u00f3n de los jueces es final y definitiva.<\/p>\n<p>La performance se puede repetir si:<\/p>\n<ul>\n<li>Se produjeran problemas t\u00e9cnicos no causados por el concursante<\/li>\n<li>Se produjera alg\u00fan problema t\u00e9cnico con la m\u00fasica<\/li>\n<li>El concursante se detuviera debido a problemas t\u00e9cnicos con las barras no causado por el mismo.<\/li>\n<\/ul>\n<p>El jurado tomar\u00e1, de todas maneras la \u00faltima decisi\u00f3n con respecto a la repetici\u00f3n o no de una actuaci\u00f3n.<\/p>\n<p>Los participantes ser\u00e1n juzgados en dos aspectos:<\/p>\n<p>1) Parte t\u00e9cnica: Correcta ejecuci\u00f3n de los trucos de pole, dominio del pole, fuerza y flexibilidad.<\/p>\n<p>2)Parte Art\u00edstica: Capacidad de expresi\u00f3n, presencia en escena, fluidez en las transiciones, trabajo de suelo, consistencia del vestuario-m\u00fasica, coreograf\u00eda.<\/p>\n<p>La rutina debe estar bien equilibrada con trucos de flexibilidad, trucos de fuerza, giros y movimientos din\u00e1micos e igual uso de las barras. Cada juez estar\u00e1 provisto de las siguientes cartas de puntuaci\u00f3n que devolver\u00e1 rellenas al final de cada rutina.<\/p>\n<p>Los jueces juzgar\u00e1n a los concursantes de 1-10 (el promedio se divide entre la cantidad de jueces). Los concursantes con mayor n\u00famero de puntos estar\u00e1n en el 1er, 2do y 3er puesto. Los jueces pueden parar una actuaci\u00f3n en cualquier momento si creen que el concursante est\u00e1 arriesgando su salud y seguridad o si est\u00e1 desobedeciendo las normas.<\/p>\n<p>Los ganadores ser\u00e1n anunciados 30 minutos despu\u00e9s del final de la final. Antes de a competici\u00f3n y durante la misma, no est\u00e1 permitido que los concursantes y el jurado tengan alg\u00fan tipo de contacto.<\/p>\n<p><strong>PREMIOS POR CATEGOR\u00cdA ELITE INTERNACIONAL<\/strong><\/p>\n<p>&#8211;\u00a0\u00a0\u00a0\u00a0\u00a0\u00a0\u00a0\u00a0<strong>\u00a0 ELITE FEMENINO<\/strong><\/p>\n<p>1r puesto:<\/p>\n<p>2\u00ba puesto:<\/p>\n<p>3r puesto:<\/p>\n<p>&#8211;\u00a0\u00a0\u00a0\u00a0\u00a0\u00a0\u00a0\u00a0\u00a0 <strong>ELITE MASCULINO<\/strong><\/p>\n<p>1r puesto:<\/p>\n<p>2\u00ba puesto:<\/p>\n<p>3r puesto:<\/p>\n<p>TARJETA DE PUNTUACI\u00d3N<\/p>\n<p>Juez; nombre y apellido<\/p>\n<p>Atleta: nombre y apellido<\/p>\n<\/div><\/section><br \/>\n<section class=\"av_textblock_section\"  itemscope=\"itemscope\" itemtype=\"https:\/\/schema.org\/CreativeWork\" ><div class='avia_textblock '   itemprop=\"text\" ><table width=\"1114\">\n<tbody>\n<tr>\n<td width=\"268\"><strong>T\u00c9CNICA<\/strong><\/td>\n<td width=\"268\"><strong>PUNTOS (1\/10)<\/strong><\/td>\n<\/tr>\n<tr>\n<td width=\"268\">Nivel de dificultad de los trucos<\/td>\n<td width=\"268\"><\/td>\n<\/tr>\n<tr>\n<td width=\"268\">Transiciones y combinaciones de la rutina.<\/td>\n<td width=\"268\"><\/td>\n<\/tr>\n<tr>\n<td width=\"268\">Limpieza en la ejecuci\u00f3n de trucos y combinaciones<\/td>\n<td width=\"268\"><\/td>\n<\/tr>\n<tr>\n<td width=\"268\">Estilo\/Flexibilidad<\/td>\n<td width=\"268\"><\/td>\n<\/tr>\n<tr>\n<td width=\"268\">Din\u00e1mica\/Fuerza<\/td>\n<td width=\"268\"><\/td>\n<\/tr>\n<tr>\n<td width=\"268\"><strong>PUNTUACI\u00d3N T\u00c9CNICA<\/strong><\/td>\n<td width=\"268\">=<\/td>\n<\/tr>\n<\/tbody>\n<\/table>\n<table width=\"1114\">\n<tbody>\n<tr>\n<td width=\"268\"><strong>ART\u00cdSTICA<\/strong><\/td>\n<td width=\"268\"><strong>PUNTOS (1\/10)<\/strong><\/td>\n<\/tr>\n<tr>\n<td width=\"268\">Coreograf\u00eda<\/td>\n<td width=\"268\"><\/td>\n<\/tr>\n<tr>\n<td width=\"268\">Expresi\u00f3n art\u00edstica e interpretaci\u00f3n musical<\/td>\n<td width=\"268\"><\/td>\n<\/tr>\n<tr>\n<td width=\"268\">Vestuario\/maquillaje\/pelo<\/td>\n<td width=\"268\"><\/td>\n<\/tr>\n<tr>\n<td width=\"268\">Originalidad\/impresiongeneral<\/td>\n<td width=\"268\"><\/td>\n<\/tr>\n<tr>\n<td width=\"268\">Baile en la barra\/suelo<\/td>\n<td width=\"268\"><\/td>\n<\/tr>\n<tr>\n<td width=\"268\"><strong>PUNTUACI\u00d3N ART\u00cdSTICA<\/strong><\/td>\n<td width=\"268\">=<\/td>\n<\/tr>\n<\/tbody>\n<\/table>\n<table width=\"1114\">\n<tbody>\n<tr>\n<td width=\"268\"><strong>PENALIZACI\u00d3N<\/strong><\/td>\n<td width=\"268\"><strong>PUNTOS (1\/5)<\/strong><\/td>\n<\/tr>\n<tr>\n<td width=\"268\">Ca\u00eddas e invertidos (Categor\u00eda amateur).<\/td>\n<td width=\"268\"><\/td>\n<\/tr>\n<tr>\n<td width=\"268\">Resbalones<\/td>\n<td width=\"268\"><\/td>\n<\/tr>\n<tr>\n<td width=\"268\">Movimientos de car\u00e1cter sexual.<\/td>\n<td width=\"268\"><\/td>\n<\/tr>\n<tr>\n<td width=\"268\">Problemas con la vestimenta<\/td>\n<td width=\"268\"><\/td>\n<\/tr>\n<tr>\n<td width=\"268\"><strong>TOTAL<\/strong><\/td>\n<td width=\"268\">=<\/td>\n<\/tr>\n<\/tbody>\n<\/table>\n<table width=\"1114\">\n<tbody>\n<tr>\n<td width=\"268\"><strong>PUNTOS TOTALES POR EJECUC<\/strong><strong>I\u00d3N<\/strong><\/td>\n<td width=\"268\"><strong>PUNTOS (0\/100)<\/strong><\/td>\n<\/tr>\n<\/tbody>\n<\/table>\n<\/div><\/section><\/p><\/div>\n","protected":false},"excerpt":{"rendered":"","protected":false},"author":1,"featured_media":0,"parent":0,"menu_order":0,"comment_status":"open","ping_status":"open","template":"","meta":{"footnotes":""},"class_list":["post-1508","page","type-page","status-publish","hentry"],"_links":{"self":[{"href":"http:\/\/poleartspain.com\/es\/wp-json\/wp\/v2\/pages\/1508","targetHints":{"allow":["GET"]}}],"collection":[{"href":"http:\/\/poleartspain.com\/es\/wp-json\/wp\/v2\/pages"}],"about":[{"href":"http:\/\/poleartspain.com\/es\/wp-json\/wp\/v2\/types\/page"}],"author":[{"embeddable":true,"href":"http:\/\/poleartspain.com\/es\/wp-json\/wp\/v2\/users\/1"}],"replies":[{"embeddable":true,"href":"http:\/\/poleartspain.com\/es\/wp-json\/wp\/v2\/comments?post=1508"}],"version-history":[{"count":16,"href":"http:\/\/poleartspain.com\/es\/wp-json\/wp\/v2\/pages\/1508\/revisions"}],"predecessor-version":[{"id":3822,"href":"http:\/\/poleartspain.com\/es\/wp-json\/wp\/v2\/pages\/1508\/revisions\/3822"}],"wp:attachment":[{"href":"http:\/\/poleartspain.com\/es\/wp-json\/wp\/v2\/media?parent=1508"}],"curies":[{"name":"wp","href":"https:\/\/api.w.org\/{rel}","templated":true}]}}